{"id":297,"date":"2022-12-13T18:55:17","date_gmt":"2022-12-13T17:55:17","guid":{"rendered":"https:\/\/iicsanpaolo.esteri.it\/?page_id=297"},"modified":"2026-02-26T08:57:32","modified_gmt":"2026-02-26T11:57:32","slug":"i-nostri-servizi","status":"publish","type":"page","link":"https:\/\/iicsanpaolo.esteri.it\/it\/lingua-e-cultura\/biblioteca\/i-nostri-servizi\/","title":{"rendered":"I nostri servizi"},"content":{"rendered":"<p><strong>Orario di apertura al pubblico della biblioteca:<\/strong><\/p>\n<p><span style=\"color: #000000;\">da luned\u00ec al gioved\u00ec, dalle dalle 09:00 alle 13:00 e 14:30 alle 17:00<\/span><\/p>\n<p><span style=\"color: #000000;\">venerd\u00ec, dalle 09:00 alle 13:00<\/span><\/p>\n<p>&nbsp;<\/p>\n<p><strong>Servizi rivolti ai soci della biblioteca<\/strong>\u00a0(se desideri diventare socio,\u00a0<a href=\"https:\/\/iicsanpaolo.esteri.it\/it\/lingua-e-cultura\/biblioteca\/diventa-socio\/\">clicca qui<\/a>):<\/p>\n<ul>\n<li><strong>Prestiti<\/strong><\/li>\n<\/ul>\n<p>Il socio\u00a0 \u00e8 invitato a recarsi al banco prestiti e mostrare la sua tessera.<\/p>\n<p>Pu\u00f2 ritirare il seguente materiale:<\/p>\n<p>DVD &#8211; Max 2 per volta<\/p>\n<p>Libri &#8211; Max 4 per volta<\/p>\n<p>I libri presi in prestito resteranno a sua disposizione per 21 giorni consecutivi, i DVD per 14 giorni.<\/p>\n<p>Il materiale deve essere consegnato al banco prestiti o al banco informazioni, personalmente o, in via eccezionale, tramite moto-boy.<\/p>\n<p>Nel caso in cui il materiale non sia restituito entro la data prevista, sar\u00e0 applicata una multa pari a R$ 2,00 al giorno.<\/p>\n<p>I prestiti potranno essere rinnovati fino a 2 volte consecutive. Il rinnovo pu\u00f2 essere richiesto personalmente (in questo caso, \u00e8 necessario presentare i libri e un documento di identit\u00e0), per telefono o per e-mail.<\/p>\n<p><em>Contatti<\/em>:<\/p>\n<p>Per informazioni, prenotazioni ed eventuale rinnovo di un prestito, chiama il numero (11) 3660 8884 o scrivi all\u2019indirizzo\u00a0<a href=\"mailto:biblioteca.iicsanpaolo@esteri.it\">biblioteca.iicsanpaolo@esteri.it<\/a><\/p>\n<p>Per consultare il catalogo on-line,\u00a0<a href=\"https:\/\/clmr.infoteca.it\/bw5ne2\/opac.aspx?web=ICSP&amp;SRC=SBAS\">clicca QUI<\/a><\/p>\n<ul>\n<li><strong>\u00a0Drive-Thru<br \/>\n<\/strong><\/li>\n<\/ul>\n<p><strong>\u00a0<\/strong>Consente all\u2019utente di ritirare direttamente i libri presi in prestito all\u2019ingresso della nostra sede, localizzata all\u2019indirizzo Av. Higien\u00f3polis, 436.<\/p>\n<p><em>Come riservare i libri<\/em><\/p>\n<p>Il socio \u00e8 invitato a richiedere uno o pi\u00f9 libri in prestito tramite l\u2019indirizzo e-mail\u00a0<a href=\"mailto:biblioteca.iicsanpaolo@esteri.it\">biblioteca.iicsanpaolo@esteri.it<\/a>\u00a0con 48 ore di anticipo. A tal fine, deve indicare il titolo e l\u2019autore del\/i libro\/i e il suo nome completo.<\/p>\n<p>Non appena il libro sar\u00e0 pronto, il socio ricever\u00e0 un\u2019e-mail ove saranno suggerite possibili date per la ritirata del materiale.<\/p>\n<p>Il materiale sar\u00e0 consegnato direttamente al socio al portone d\u2019ingresso, all\u2019interno di un\u2019apposita busta che dovr\u00e0 essere restituita con i libri.<\/p>\n<p>Consulta il nostro\u00a0<strong><a href=\"https:\/\/clmr.infoteca.it\/bw5ne2\/opac.aspx?web=ICSP&amp;SRC=SBAS\">catalogo online<\/a><\/strong> e verifica i titoli disponibili!<\/p>\n<p>Ogni socio potr\u00e0 ritirare un massimo di 4 libri alla volta. I libri presi in prestito resteranno a sua disposizione per 21 giorni consecutivi.<\/p>\n<p><em>Come rinnovare il prestito<\/em><\/p>\n<p>Per rinnovare il prestito, invitiamo l\u2019utente a inviare, prima della scadenza, un\u2019e-mail all\u2019indirizzo\u00a0<a href=\"mailto:biblioteca.iicsanpaolo@esteri.it\">biblioteca.iicsanpaolo@esteri.it<\/a>\u00a0. Il prestito potr\u00e0 essere rinnovato per due volte consecutive.<\/p>\n<p><em>Come restituire i libri<\/em><\/p>\n<p>Il materiale deve essere consegnato al portone d\u2019ingresso dell\u2019IICSP all\u2019interno della stessa busta in cui i libri sono stati ritirati. Nel caso in cui non sia restituito entro la data prevista, sar\u00e0 applicata una multa pari a R$ 2,00 al giorno per ogni libro ritirato (ai fini del calcolo della multa, saranno considerati solo i giorni utili).<\/p>\n<p>&nbsp;<\/p>\n","protected":false},"excerpt":{"rendered":"Orario di apertura al pubblico della biblioteca: da luned\u00ec al gioved\u00ec, dalle dalle 09:00 alle 13:00 e 14:30 alle 17:00 venerd\u00ec, dalle 09:00 alle 13:00 &nbsp; Servizi rivolti ai soci della biblioteca\u00a0(se desideri diventare socio,\u00a0clicca qui): Prestiti Il socio\u00a0 \u00e8 invitato a recarsi al banco prestiti e mostrare la sua tessera. Pu\u00f2 ritirare il seguente [&hellip;]","protected":false},"author":5,"featured_media":0,"parent":56,"menu_order":1,"comment_status":"closed","ping_status":"closed","template":"","meta":{"footnotes":""},"class_list":["post-297","page","type-page","status-publish","hentry"],"_links":{"self":[{"href":"https:\/\/iicsanpaolo.esteri.it\/it\/wp-json\/wp\/v2\/pages\/297","targetHints":{"allow":["GET"]}}],"collection":[{"href":"https:\/\/iicsanpaolo.esteri.it\/it\/wp-json\/wp\/v2\/pages"}],"about":[{"href":"https:\/\/iicsanpaolo.esteri.it\/it\/wp-json\/wp\/v2\/types\/page"}],"author":[{"embeddable":true,"href":"https:\/\/iicsanpaolo.esteri.it\/it\/wp-json\/wp\/v2\/users\/5"}],"replies":[{"embeddable":true,"href":"https:\/\/iicsanpaolo.esteri.it\/it\/wp-json\/wp\/v2\/comments?post=297"}],"version-history":[{"count":8,"href":"https:\/\/iicsanpaolo.esteri.it\/it\/wp-json\/wp\/v2\/pages\/297\/revisions"}],"predecessor-version":[{"id":10261,"href":"https:\/\/iicsanpaolo.esteri.it\/it\/wp-json\/wp\/v2\/pages\/297\/revisions\/10261"}],"up":[{"embeddable":true,"href":"https:\/\/iicsanpaolo.esteri.it\/it\/wp-json\/wp\/v2\/pages\/56"}],"wp:attachment":[{"href":"https:\/\/iicsanpaolo.esteri.it\/it\/wp-json\/wp\/v2\/media?parent=297"}],"curies":[{"name":"wp","href":"https:\/\/api.w.org\/{rel}","templated":true}]}}