{"id":369,"date":"2022-12-14T14:34:48","date_gmt":"2022-12-14T13:34:48","guid":{"rendered":"https:\/\/iicsanpaolo.esteri.it\/?page_id=369"},"modified":"2025-01-14T09:58:00","modified_gmt":"2025-01-14T12:58:00","slug":"corsi-ditaliano-online","status":"publish","type":"page","link":"https:\/\/iicsanpaolo.esteri.it\/it\/lingua-e-cultura\/i-corsi-di-lingua\/corsi-ditaliano-online\/","title":{"rendered":"Corsi d&#8217;italiano online"},"content":{"rendered":"<p>Con i nostri corsi online, trasmessi in diretta, esplorerete l\u2019universo della lingua e della cultura italiana in modo piacevole e stimolante.<\/p>\n<p>Ci serviamo di una piattaforma di facile accesso e, grazie al nostro approccio comunicativo e cooperativo, lo studente, sin dalla prima lezione di livello base, \u00e8 incoraggiato a comunicare in italiano. Le 4 abilit\u00e0 (parlare, leggere, scrivere e ascoltare) vengono sviluppate tramite attivit\u00e0 interessanti e tematiche attuali, che catturano l\u2019attenzione dello studente.<\/p>\n<p>Offriamo inoltre:<\/p>\n<ul>\n<li>Lezioni integralmente registrate<\/li>\n<li>Attivit\u00e0 pratiche e interattive<\/li>\n<li>Webinar per chiarire i dubbi<\/li>\n<li>Supporto tecnico<\/li>\n<li>Materiale complementare online<\/li>\n<\/ul>\n<p><strong>Durata<\/strong>: ogni modulo dura 4 mesi<\/p>\n<p>Numero minimo: 7 studenti; numero massimo: 12 studenti.<\/p>\n<p>&nbsp;<\/p>\n<p><strong>Prezzo di ogni modulo (48 ore) <\/strong>:<\/p>\n<p>A rate: R$ 2.520,00 (con carta di credito: 6 rate da R$420,00; con bollettino bancario:4 rate da 630,00)<\/p>\n<p>In un\u2019unica rata: R$ 2.350,00<\/p>\n<p>&nbsp;<\/p>\n<p><a href=\"https:\/\/iicsanpaolo.esteri.it\/wp-content\/uploads\/2025\/01\/Programa-A1-online-2025.pdf\"><strong><span style=\"color: #0000ff;\">Accedi al Programma A1 online 2025 del QCE.<\/span><\/strong><\/a><\/p>\n<p><span style=\"color: #0000ff;\">Entra in contatto con la segreteria per ricevere i programmi didattici dei livelli superiori all\u2019A1.<\/span><\/p>\n<p>&nbsp;<\/p>\n<p><em>Italiano online \u2013 Digitale nella forma, umano nella sostanza<\/em><\/p>\n","protected":false},"excerpt":{"rendered":"Con i nostri corsi online, trasmessi in diretta, esplorerete l\u2019universo della lingua e della cultura italiana in modo piacevole e stimolante. Ci serviamo di una piattaforma di facile accesso e, grazie al nostro approccio comunicativo e cooperativo, lo studente, sin dalla prima lezione di livello base, \u00e8 incoraggiato a comunicare in italiano. Le 4 abilit\u00e0 [&hellip;]","protected":false},"author":5,"featured_media":0,"parent":52,"menu_order":1,"comment_status":"closed","ping_status":"closed","template":"","meta":{"footnotes":""},"class_list":["post-369","page","type-page","status-publish","hentry"],"_links":{"self":[{"href":"https:\/\/iicsanpaolo.esteri.it\/it\/wp-json\/wp\/v2\/pages\/369","targetHints":{"allow":["GET"]}}],"collection":[{"href":"https:\/\/iicsanpaolo.esteri.it\/it\/wp-json\/wp\/v2\/pages"}],"about":[{"href":"https:\/\/iicsanpaolo.esteri.it\/it\/wp-json\/wp\/v2\/types\/page"}],"author":[{"embeddable":true,"href":"https:\/\/iicsanpaolo.esteri.it\/it\/wp-json\/wp\/v2\/users\/5"}],"replies":[{"embeddable":true,"href":"https:\/\/iicsanpaolo.esteri.it\/it\/wp-json\/wp\/v2\/comments?post=369"}],"version-history":[{"count":1,"href":"https:\/\/iicsanpaolo.esteri.it\/it\/wp-json\/wp\/v2\/pages\/369\/revisions"}],"predecessor-version":[{"id":6073,"href":"https:\/\/iicsanpaolo.esteri.it\/it\/wp-json\/wp\/v2\/pages\/369\/revisions\/6073"}],"up":[{"embeddable":true,"href":"https:\/\/iicsanpaolo.esteri.it\/it\/wp-json\/wp\/v2\/pages\/52"}],"wp:attachment":[{"href":"https:\/\/iicsanpaolo.esteri.it\/it\/wp-json\/wp\/v2\/media?parent=369"}],"curies":[{"name":"wp","href":"https:\/\/api.w.org\/{rel}","templated":true}]}}