{"id":378,"date":"2022-12-14T14:49:38","date_gmt":"2022-12-14T13:49:38","guid":{"rendered":"https:\/\/iicsanpaolo.esteri.it\/?page_id=378"},"modified":"2023-01-10T13:38:14","modified_gmt":"2023-01-10T12:38:14","slug":"contatti","status":"publish","type":"page","link":"https:\/\/iicsanpaolo.esteri.it\/it\/lingua-e-cultura\/i-corsi-di-lingua\/contatti\/","title":{"rendered":"Contatti"},"content":{"rendered":"<h4><strong>Segreteria della scuola Puntob.<\/strong><\/h4>\n<p><em>Indirizzo<\/em>: Av. Higien\u00f3polis, 436<br \/>\n<em>Orari di apertura al pubblico<\/em>: luned\u00ec e mercoled\u00ec, dalle 09:00 alle 13:00 e dalle 14:00 alle 18:00<br \/>\n<em>Telefono\/whatsapp<\/em>: (11) 99270 7188 (da luned\u00ec a venerd\u00ec, dalle 09:00 alle 18:00)<br \/>\n<em>e-mail:<\/em>\u00a0<a href=\"mailto:iic_cursos@puntob.com.br\">iic_cursos@puntob.com.br<\/a><br \/>\n<em>sito<\/em>:\u00a0<a href=\"https:\/\/www.puntoblinguas.com\/\">https:\/\/www.puntoblinguas.com\/<\/a><\/p>\n<p>&nbsp;<\/p>\n","protected":false},"excerpt":{"rendered":"Segreteria della scuola Puntob. Indirizzo: Av. Higien\u00f3polis, 436 Orari di apertura al pubblico: luned\u00ec e mercoled\u00ec, dalle 09:00 alle 13:00 e dalle 14:00 alle 18:00 Telefono\/whatsapp: (11) 99270 7188 (da luned\u00ec a venerd\u00ec, dalle 09:00 alle 18:00) e-mail:\u00a0iic_cursos@puntob.com.br sito:\u00a0https:\/\/www.puntoblinguas.com\/ &nbsp;","protected":false},"author":5,"featured_media":0,"parent":52,"menu_order":3,"comment_status":"closed","ping_status":"closed","template":"","meta":{"footnotes":""},"class_list":["post-378","page","type-page","status-publish","hentry"],"_links":{"self":[{"href":"https:\/\/iicsanpaolo.esteri.it\/it\/wp-json\/wp\/v2\/pages\/378","targetHints":{"allow":["GET"]}}],"collection":[{"href":"https:\/\/iicsanpaolo.esteri.it\/it\/wp-json\/wp\/v2\/pages"}],"about":[{"href":"https:\/\/iicsanpaolo.esteri.it\/it\/wp-json\/wp\/v2\/types\/page"}],"author":[{"embeddable":true,"href":"https:\/\/iicsanpaolo.esteri.it\/it\/wp-json\/wp\/v2\/users\/5"}],"replies":[{"embeddable":true,"href":"https:\/\/iicsanpaolo.esteri.it\/it\/wp-json\/wp\/v2\/comments?post=378"}],"version-history":[{"count":0,"href":"https:\/\/iicsanpaolo.esteri.it\/it\/wp-json\/wp\/v2\/pages\/378\/revisions"}],"up":[{"embeddable":true,"href":"https:\/\/iicsanpaolo.esteri.it\/it\/wp-json\/wp\/v2\/pages\/52"}],"wp:attachment":[{"href":"https:\/\/iicsanpaolo.esteri.it\/it\/wp-json\/wp\/v2\/media?parent=378"}],"curies":[{"name":"wp","href":"https:\/\/api.w.org\/{rel}","templated":true}]}}