{"id":50,"date":"2022-12-06T17:45:00","date_gmt":"2022-12-06T16:45:00","guid":{"rendered":"https:\/\/iicsanpaolo.esteri.it\/?page_id=50"},"modified":"2025-11-14T12:41:40","modified_gmt":"2025-11-14T15:41:40","slug":"la-sede","status":"publish","type":"page","link":"https:\/\/iicsanpaolo.esteri.it\/it\/chi-siamo\/la-sede\/","title":{"rendered":"La Sede"},"content":{"rendered":"<p>Costruito nel 1922 come residenza della famiglia di Oscar Rodrigues Alves, l\u2019elegante villa \u00e8 uno dei rari esempi ancora esistenti dell\u2019epoca in cui gli imprenditori, che raggiungevano un grande benessere attraverso la produzione e il commercio del caff\u00e8, sceglievano il quartiere di Higien\u00f3polis come luogo ideale per costruire la propria residenza.<\/p>\n<p>Nel 1958 fu comprato dal governo italiano e fino al 1965 ospit\u00f2 il Circolo Italiano de S\u00e3o Paolo, poi trasferitosi all\u2019Edificio Italia.<br \/>\nSolo allora il Consolato Generale trov\u00f2 sede nell\u2019edificio, per poi essere trasferito \u00a0in un palazzo dell\u2019Avenida Paulista, ex sede della Banca Nazionale del Lavoro.<br \/>\nL&#8217;idea del governo italiano, quindi, fu quella di adibire la palazzina di Higienopolis \u00a0a sede dell\u2019Istituto Italiano di Cultura, sezione culturale del Consolato Generale, che dal 2005 qui promuove la cultura italiana tramite numerose attivit\u00e0 tra cui: corsi di lingua, eventi musicali, teatrali, espositivi, conferenze e seminari.<\/p>\n<p>L\u2019edificio, in stile eclettico, \u00a0ha sede in un\u2019area complessiva di 2.122,00 mq; ospita un salone per 285 persone, una biblioteca e aule per corsi di lingua e cultura italiana.<br \/>\nIl palazzo di Avenida Higien\u00f3polis \u00e8 sottoposto a \u00a0vincolo storico ed \u00e8 considerato patrimonio della citt\u00e0. Pu\u00f2 essere anche, in alcune sue parti, occasionalmente locato per brevi periodi, sia per eventi, sia (solamente alcuni spazi posti sulle palazzine poste sul retro della propriet\u00e0) per co-working.<\/p>\n<p>L\u2019Istituto si riserva la facolt\u00e0 di valutare eventuali richieste.<\/p>\n<p>&nbsp;<\/p>\n<p><strong><u>Informazioni tecniche<\/u><\/strong><\/p>\n<p><em>Area interna disponibile per eventi<\/em>: circa 320,00 mq<br \/>\n<em>Area esterna<\/em>: circa 1.200,00 mq<br \/>\n<em>Ammontare dell\u2019affitto giornaliero<\/em>: R$ 15.000,00\/20.000,00<br \/>\nPer maggiori informazioni e per quotazioni specifiche rivolgersi a: <a href=\"mailto:amministrazione.iicsanpaolo@esteri.it\">amministrazione.iicsanpaolo@esteri.it<\/a><\/p>\n","protected":false},"excerpt":{"rendered":"Costruito nel 1922 come residenza della famiglia di Oscar Rodrigues Alves, l\u2019elegante villa \u00e8 uno dei rari esempi ancora esistenti dell\u2019epoca in cui gli imprenditori, che raggiungevano un grande benessere attraverso la produzione e il commercio del caff\u00e8, sceglievano il quartiere di Higien\u00f3polis come luogo ideale per costruire la propria residenza. Nel 1958 fu comprato [&hellip;]","protected":false},"author":3,"featured_media":0,"parent":10,"menu_order":2,"comment_status":"closed","ping_status":"closed","template":"","meta":{"footnotes":""},"class_list":["post-50","page","type-page","status-publish","hentry"],"_links":{"self":[{"href":"https:\/\/iicsanpaolo.esteri.it\/it\/wp-json\/wp\/v2\/pages\/50","targetHints":{"allow":["GET"]}}],"collection":[{"href":"https:\/\/iicsanpaolo.esteri.it\/it\/wp-json\/wp\/v2\/pages"}],"about":[{"href":"https:\/\/iicsanpaolo.esteri.it\/it\/wp-json\/wp\/v2\/types\/page"}],"author":[{"embeddable":true,"href":"https:\/\/iicsanpaolo.esteri.it\/it\/wp-json\/wp\/v2\/users\/3"}],"replies":[{"embeddable":true,"href":"https:\/\/iicsanpaolo.esteri.it\/it\/wp-json\/wp\/v2\/comments?post=50"}],"version-history":[{"count":4,"href":"https:\/\/iicsanpaolo.esteri.it\/it\/wp-json\/wp\/v2\/pages\/50\/revisions"}],"predecessor-version":[{"id":5963,"href":"https:\/\/iicsanpaolo.esteri.it\/it\/wp-json\/wp\/v2\/pages\/50\/revisions\/5963"}],"up":[{"embeddable":true,"href":"https:\/\/iicsanpaolo.esteri.it\/it\/wp-json\/wp\/v2\/pages\/10"}],"wp:attachment":[{"href":"https:\/\/iicsanpaolo.esteri.it\/it\/wp-json\/wp\/v2\/media?parent=50"}],"curies":[{"name":"wp","href":"https:\/\/api.w.org\/{rel}","templated":true}]}}