{"id":51,"date":"2022-12-06T17:45:17","date_gmt":"2022-12-06T16:45:17","guid":{"rendered":"https:\/\/iicsanpaolo.esteri.it\/?page_id=51"},"modified":"2024-11-05T11:50:23","modified_gmt":"2024-11-05T14:50:23","slug":"contatti","status":"publish","type":"page","link":"https:\/\/iicsanpaolo.esteri.it\/it\/chi-siamo\/contatti\/","title":{"rendered":"Contatti"},"content":{"rendered":"<p>Istituto Italiano di Cultura di San Paolo<br \/>\nAv. Higien\u00f3polis, 436 \u2013 Higien\u00f3polis<br \/>\n01238-000 &#8211; S\u00e3o Paulo \u2013 SP \u2013 Brasil<\/p>\n<p>Tel. (11) 3660 8888\u2013 Fax (11) 3660 8889<\/p>\n<p><a href=\"mailto:iicsanpaolo@esteri.it\">iicsanpaolo@esteri.it\u00a0<\/a><\/p>\n<p>Si prega di inoltrare eventuali proposte di eventi culturali <span style=\"text-decoration: underline;\"><strong>esclusivamente<\/strong><\/span> all&#8217;indirizzo elettronico <a href=\"mailto:eventi2.iicsanpaolo@esteri.it\">eventi2.iicsanpaolo@esteri.it\u00a0<\/a><br \/>\nIniziative indirizzate ad altre e-mail potrebbero non avere riscontro.<\/p>\n<p>Informazioni utili sugli eventi organizzati dall\u2019Istituto Italiano di Cultura di San Paolo sono disponibili anche sui nostri social network:<strong> Instagram <a href=\"https:\/\/www.instagram.com\/iic_sanpaolo\/\">@iic_sanpaolo<\/a>, X <a href=\"https:\/\/x.com\/IICSanPaolo\">@IICSanPaolo<\/a> e Facebook <a href=\"https:\/\/www.facebook.com\/IstitutoItalianoDiCulturaSanPaolo\">Istituto Italiano di Cultura San Paolo<\/a>. <\/strong>Si invita cortesemente a prendere visione della\u00a0<strong><em>netiquette<\/em><\/strong>, consultabile <strong><a href=\"https:\/\/iicsanpaolo.esteri.it\/it\/chi-siamo\/contatti\/netiquette-social-media\/\">qui<\/a>.<\/strong><\/p>\n<p>&nbsp;<\/p>\n<p><strong>Orario di apertura al pubblico<\/strong>:<\/p>\n<p>Da luned\u00ec a gioved\u00ec dalle 9:00 alle 13:00 e dalle 15:00 alle 17:00; venerd\u00ec dalle 9:30 alle 13:00<\/p>\n<p>&nbsp;<\/p>\n<p>Come raggiungerci:<\/p>\n<p><img decoding=\"async\" class=\"alignnone size-medium wp-image-63 img-fluid\" src=\"https:\/\/iicsanpaolo.esteri.it\/wp-content\/uploads\/2022\/12\/come-raggiungere-iic-sanpaolo.png\" alt=\"come raggiungere iic sanpaolo\" width=\"700\" srcset=\"https:\/\/iicsanpaolo.esteri.it\/wp-content\/uploads\/2022\/12\/come-raggiungere-iic-sanpaolo.png 1008w, https:\/\/iicsanpaolo.esteri.it\/wp-content\/uploads\/2022\/12\/come-raggiungere-iic-sanpaolo-300x154.png 300w, https:\/\/iicsanpaolo.esteri.it\/wp-content\/uploads\/2022\/12\/come-raggiungere-iic-sanpaolo-768x395.png 768w\" sizes=\"(max-width: 1008px) 100vw, 1008px\" \/><\/p>\n","protected":false},"excerpt":{"rendered":"Istituto Italiano di Cultura di San Paolo Av. Higien\u00f3polis, 436 \u2013 Higien\u00f3polis 01238-000 &#8211; S\u00e3o Paulo \u2013 SP \u2013 Brasil Tel. (11) 3660 8888\u2013 Fax (11) 3660 8889 iicsanpaolo@esteri.it\u00a0 Si prega di inoltrare eventuali proposte di eventi culturali esclusivamente all&#8217;indirizzo elettronico eventi2.iicsanpaolo@esteri.it\u00a0 Iniziative indirizzate ad altre e-mail potrebbero non avere riscontro. Informazioni utili sugli eventi [&hellip;]","protected":false},"author":3,"featured_media":0,"parent":10,"menu_order":4,"comment_status":"closed","ping_status":"closed","template":"","meta":{"footnotes":""},"class_list":["post-51","page","type-page","status-publish","hentry"],"_links":{"self":[{"href":"https:\/\/iicsanpaolo.esteri.it\/it\/wp-json\/wp\/v2\/pages\/51","targetHints":{"allow":["GET"]}}],"collection":[{"href":"https:\/\/iicsanpaolo.esteri.it\/it\/wp-json\/wp\/v2\/pages"}],"about":[{"href":"https:\/\/iicsanpaolo.esteri.it\/it\/wp-json\/wp\/v2\/types\/page"}],"author":[{"embeddable":true,"href":"https:\/\/iicsanpaolo.esteri.it\/it\/wp-json\/wp\/v2\/users\/3"}],"replies":[{"embeddable":true,"href":"https:\/\/iicsanpaolo.esteri.it\/it\/wp-json\/wp\/v2\/comments?post=51"}],"version-history":[{"count":6,"href":"https:\/\/iicsanpaolo.esteri.it\/it\/wp-json\/wp\/v2\/pages\/51\/revisions"}],"predecessor-version":[{"id":5630,"href":"https:\/\/iicsanpaolo.esteri.it\/it\/wp-json\/wp\/v2\/pages\/51\/revisions\/5630"}],"up":[{"embeddable":true,"href":"https:\/\/iicsanpaolo.esteri.it\/it\/wp-json\/wp\/v2\/pages\/10"}],"wp:attachment":[{"href":"https:\/\/iicsanpaolo.esteri.it\/it\/wp-json\/wp\/v2\/media?parent=51"}],"curies":[{"name":"wp","href":"https:\/\/api.w.org\/{rel}","templated":true}]}}