{"id":300,"date":"2022-12-13T18:55:17","date_gmt":"2022-12-13T21:55:17","guid":{"rendered":"https:\/\/iicsanpaolo.esteri.it\/i-nostri-servizi\/"},"modified":"2026-02-26T08:58:22","modified_gmt":"2026-02-26T11:58:22","slug":"i-nostri-servizi","status":"publish","type":"page","link":"https:\/\/iicsanpaolo.esteri.it\/pt\/lingua-e-cultura\/opac-catalogo-biblioteca\/i-nostri-servizi\/","title":{"rendered":"Nossos servi\u00e7os"},"content":{"rendered":"<p><strong>Hor\u00e1rio de abertura ao p\u00fablico da biblioteca:<\/strong><\/p>\n<p>s<span style=\"color: #000000;\">egundas e quintas, das 9h \u00e0s 13h e das 14h30 \u00e0s 17h<\/span><\/p>\n<p><span style=\"color: #000000;\">sextas, das 9h \u00e0s 13h<\/span><\/p>\n<p>&nbsp;<\/p>\n<p><strong>Servi\u00e7os para os associados<\/strong>\u00a0(se ainda n\u00e3o \u00e9 um associado,\u00a0<a href=\"https:\/\/iicsanpaolo.esteri.it\/pt\/lingua-e-cultura\/opac-catalogo-biblioteca\/associe-se\/\">inscreva-se aqui<\/a>) :<\/p>\n<ul>\n<li><strong>Emprestimos<\/strong><\/li>\n<\/ul>\n<p>O associado tem direito a retirada de materiais relacionados no quadro abaixo:<\/p>\n<p>Quantidade de empr\u00e9stimos<\/p>\n<p>DVD &#8211; 2 (dois)<\/p>\n<p>Livro &#8211; 4 (quatro)<\/p>\n<p>O per\u00edodo de empr\u00e9stimo \u00e9 de 21 dias consecutivos para livros e 14 dias consecutivos para DVDs.<\/p>\n<p>A devolu\u00e7\u00e3o dos materiais poder\u00e1 ser feita diretamente no balc\u00e3o de atendimento da Biblioteca ou balc\u00e3o de informa\u00e7\u00f5es. Caso esteja\u00a0impossibilitado de dirigir-se \u00e0 Biblioteca para efetuar a devolu\u00e7\u00e3o, o usu\u00e1rio poder\u00e1 encaminhar o material atrav\u00e9s de portador.<\/p>\n<p>Caso os materiais emprestados n\u00e3o sejam devolvidos na data prevista ser\u00e1 cobrada multa de R$ 2,00 para cada dia de atraso (somente dias \u00fateis).<\/p>\n<p>As obras poder\u00e3o ser renovadas no m\u00e1ximo duas vezes consecutivas.<\/p>\n<p>Para renova\u00e7\u00f5es presenciais \u00e9 obrigat\u00f3ria a apresenta\u00e7\u00e3o do material e o documento de identifica\u00e7\u00e3o do usu\u00e1rio. As renova\u00e7\u00f5es poder\u00e3o ser feitas presencialmente, via telefone ou e-mail.<\/p>\n<p><em>Contatos:<\/em><\/p>\n<p>Para informa\u00e7\u00f5es, reservas e renova\u00e7\u00f5es de materiais entre em contato atrav\u00e9s do telefone 11 36608884 ou mande um e-mail para\u00a0<a href=\"mailto:biblioteca.iicsanpaolo@esteri.it\">biblioteca.iicsanpaolo@esteri.it<\/a><\/p>\n<p>Para consultar nosso cat\u00e1logo on-line, <a href=\"https:\/\/clmr.infoteca.it\/bw5ne2\/opac.aspx?web=ICSP&amp;SRC=SBAS\">clique aqui<\/a><\/p>\n<p>&nbsp;<\/p>\n<ul>\n<li><strong>Drive-Thru<\/strong><\/li>\n<\/ul>\n<p><strong>\u00a0<\/strong>Consiste no empr\u00e9stimo de livros entregues diretamente ao associado na entrada principal de nossa sede, localizada na Av. Higien\u00f3polis, 436.<\/p>\n<p><em>Como solicitar o empr\u00e9stimo<\/em><\/p>\n<p>O associado deve solicitar o empr\u00e9stimo do livro atrav\u00e9s do e-mail: biblioteca.iicsanpaolo@esteri.it com 48h de anteced\u00eancia.<\/p>\n<p>para fazer a solicita\u00e7\u00e3o, o associado dever\u00e1 informar o t\u00edtulo e o autor do livro que deseja emprestar (se poss\u00edvel a refer\u00eancia completa da obra), nome completo.<\/p>\n<p>Ap\u00f3s a separa\u00e7\u00e3o do material, o associado receber\u00e1 um e-mail confirmando a disponibilidade do livro e a sugest\u00e3o de datas e hor\u00e1rios para a retirada.<\/p>\n<p>O material ser\u00e1 entregue diretamente ao associado no port\u00e3o da entrada principal, na bolsa exclusiva para emprestimo, que deve ser devolvida com os livros.<\/p>\n<p>Acesse nosso\u00a0<strong><a href=\"https:\/\/clmr.infoteca.it\/bw5ne2\/opac.aspx?web=ICSP&amp;SRC=SBAS\">cat\u00e1logo online<\/a><\/strong> e confira os t\u00edtulos dispon\u00edveis.<\/p>\n<p>Cada usu\u00e1rio poder\u00e1 retirar at\u00e9 4 livros. O per\u00edodo de empr\u00e9stimo \u00e9 de 21 dias consecutivos.<\/p>\n<p><em>Como renovar o empr\u00e9stimo<\/em><\/p>\n<p>Para estender o per\u00edodo de empr\u00e9stimo, antes de seu vencimento, envie um e-mail para\u00a0<a href=\"mailto:biblioteca.iicsanpaolo@esteri.it\">biblioteca.iicsanpaolo@esteri.it<\/a>\u00a0solicitando a renova\u00e7\u00e3o dos itens. O empr\u00e9stimo poder\u00e1 ser prorrogado no m\u00e1ximo duas vezes consecutivas.<\/p>\n<p><em>Como devolver os livros<\/em><\/p>\n<p>A devolu\u00e7\u00e3o dever\u00e1 ser feita na entrada principal do IICSP com a mesma bolsa da retirada do livro. Caso os materiais emprestados n\u00e3o sejam devolvidos na data prevista, ser\u00e1 cobrada uma multa de R$ 2,00 por livro, para cada dia de atraso (para efeito do c\u00e1lculo da referida multa ser\u00e3o computados somente os dias \u00fateis).<\/p>\n<p>&nbsp;<\/p>\n","protected":false},"excerpt":{"rendered":"Hor\u00e1rio de abertura ao p\u00fablico da biblioteca: segundas e quintas, das 9h \u00e0s 13h e das 14h30 \u00e0s 17h sextas, das 9h \u00e0s 13h &nbsp; Servi\u00e7os para os associados\u00a0(se ainda n\u00e3o \u00e9 um associado,\u00a0inscreva-se aqui) : Emprestimos O associado tem direito a retirada de materiais relacionados no quadro abaixo: Quantidade de empr\u00e9stimos DVD &#8211; 2 [&hellip;]","protected":false},"author":5,"featured_media":0,"parent":82,"menu_order":1,"comment_status":"closed","ping_status":"closed","template":"","meta":{"footnotes":""},"class_list":["post-300","page","type-page","status-publish","hentry"],"_links":{"self":[{"href":"https:\/\/iicsanpaolo.esteri.it\/pt\/wp-json\/wp\/v2\/pages\/300","targetHints":{"allow":["GET"]}}],"collection":[{"href":"https:\/\/iicsanpaolo.esteri.it\/pt\/wp-json\/wp\/v2\/pages"}],"about":[{"href":"https:\/\/iicsanpaolo.esteri.it\/pt\/wp-json\/wp\/v2\/types\/page"}],"author":[{"embeddable":true,"href":"https:\/\/iicsanpaolo.esteri.it\/pt\/wp-json\/wp\/v2\/users\/5"}],"replies":[{"embeddable":true,"href":"https:\/\/iicsanpaolo.esteri.it\/pt\/wp-json\/wp\/v2\/comments?post=300"}],"version-history":[{"count":6,"href":"https:\/\/iicsanpaolo.esteri.it\/pt\/wp-json\/wp\/v2\/pages\/300\/revisions"}],"predecessor-version":[{"id":10262,"href":"https:\/\/iicsanpaolo.esteri.it\/pt\/wp-json\/wp\/v2\/pages\/300\/revisions\/10262"}],"up":[{"embeddable":true,"href":"https:\/\/iicsanpaolo.esteri.it\/pt\/wp-json\/wp\/v2\/pages\/82"}],"wp:attachment":[{"href":"https:\/\/iicsanpaolo.esteri.it\/pt\/wp-json\/wp\/v2\/media?parent=300"}],"curies":[{"name":"wp","href":"https:\/\/api.w.org\/{rel}","templated":true}]}}