{"id":349,"date":"2022-12-13T20:34:49","date_gmt":"2022-12-13T23:34:49","guid":{"rendered":"https:\/\/iicsanpaolo.esteri.it\/?page_id=349"},"modified":"2025-01-21T14:22:28","modified_gmt":"2025-01-21T17:22:28","slug":"associe-se","status":"publish","type":"page","link":"https:\/\/iicsanpaolo.esteri.it\/pt\/lingua-e-cultura\/opac-catalogo-biblioteca\/associe-se\/","title":{"rendered":"Associe-se"},"content":{"rendered":"<p>Para realizar ou renovar a inscri\u00e7\u00e3o \u00e9 necess\u00e1rio preencher\u00a0 enviar um email para biblioteca.iicsanpaolo@esteri.it com os seguintes documentos:<\/p>\n<ul>\n<li>C\u00f3pia (frente e verso) de um documento de identidade com foto, dentro da validade;<\/li>\n<li>Comprovante de resid\u00eancia;<\/li>\n<li>Comprovante de pagamento (dep\u00f3sito ou transfer\u00eancia banc\u00e1ria) da taxa de inscri\u00e7\u00e3o.<\/li>\n<\/ul>\n<p>Todos os documentos relativos \u00e0 inscri\u00e7\u00e3o dever\u00e3o ser transformados em arquivo PDF ou JPEG e a dimens\u00e3o total do arquivo n\u00e3o poder\u00e1 exceder 5MB.<\/p>\n<p>A taxa de inscri\u00e7\u00e3o anual \u00e9 de R$ 50,00 e o pagamento dever\u00e1 ser efetuado atrav\u00e9s de dep\u00f3sito ou transfer\u00eancia banc\u00e1ria, indicando o nome completo do usu\u00e1rio.<\/p>\n<p><strong>\u00a0<\/strong><\/p>\n<p><strong>IMPORTANTE<\/strong>:<\/p>\n<p>A efetiva inscri\u00e7\u00e3o do usu\u00e1rio se dar\u00e1 somente ap\u00f3s a confirma\u00e7\u00e3o do recebimento do valor da taxa de inscri\u00e7\u00e3o na conta corrente do IIC de S\u00e3o Paulo.<\/p>\n<p>Uma vez verificados os documentos recebidos, enviaremos um e-mail\u00a0com os dados bancarios do Istituto para efetuar o pagamento\u00a0 da taxa de inscri\u00e7\u00e3o.<\/p>\n","protected":false},"excerpt":{"rendered":"Para realizar ou renovar a inscri\u00e7\u00e3o \u00e9 necess\u00e1rio preencher\u00a0 enviar um email para biblioteca.iicsanpaolo@esteri.it com os seguintes documentos: C\u00f3pia (frente e verso) de um documento de identidade com foto, dentro da validade; Comprovante de resid\u00eancia; Comprovante de pagamento (dep\u00f3sito ou transfer\u00eancia banc\u00e1ria) da taxa de inscri\u00e7\u00e3o. Todos os documentos relativos \u00e0 inscri\u00e7\u00e3o dever\u00e3o ser transformados [&hellip;]","protected":false},"author":5,"featured_media":0,"parent":82,"menu_order":2,"comment_status":"closed","ping_status":"closed","template":"","meta":{"footnotes":""},"class_list":["post-349","page","type-page","status-publish","hentry"],"_links":{"self":[{"href":"https:\/\/iicsanpaolo.esteri.it\/pt\/wp-json\/wp\/v2\/pages\/349","targetHints":{"allow":["GET"]}}],"collection":[{"href":"https:\/\/iicsanpaolo.esteri.it\/pt\/wp-json\/wp\/v2\/pages"}],"about":[{"href":"https:\/\/iicsanpaolo.esteri.it\/pt\/wp-json\/wp\/v2\/types\/page"}],"author":[{"embeddable":true,"href":"https:\/\/iicsanpaolo.esteri.it\/pt\/wp-json\/wp\/v2\/users\/5"}],"replies":[{"embeddable":true,"href":"https:\/\/iicsanpaolo.esteri.it\/pt\/wp-json\/wp\/v2\/comments?post=349"}],"version-history":[{"count":1,"href":"https:\/\/iicsanpaolo.esteri.it\/pt\/wp-json\/wp\/v2\/pages\/349\/revisions"}],"predecessor-version":[{"id":6099,"href":"https:\/\/iicsanpaolo.esteri.it\/pt\/wp-json\/wp\/v2\/pages\/349\/revisions\/6099"}],"up":[{"embeddable":true,"href":"https:\/\/iicsanpaolo.esteri.it\/pt\/wp-json\/wp\/v2\/pages\/82"}],"wp:attachment":[{"href":"https:\/\/iicsanpaolo.esteri.it\/pt\/wp-json\/wp\/v2\/media?parent=349"}],"curies":[{"name":"wp","href":"https:\/\/api.w.org\/{rel}","templated":true}]}}