{"id":363,"date":"2022-12-13T20:57:02","date_gmt":"2022-12-13T23:57:02","guid":{"rendered":"https:\/\/iicsanpaolo.esteri.it\/chi-siamo\/la-sede\/opportunita\/bolsas-de-estudo\/borse-di-studio-per-italiani\/"},"modified":"2025-07-21T17:00:13","modified_gmt":"2025-07-21T20:00:13","slug":"borse-di-studio-per-italiani","status":"publish","type":"page","link":"https:\/\/iicsanpaolo.esteri.it\/pt\/lingua-e-cultura\/borse-di-studio\/borse-di-studio-per-italiani\/","title":{"rendered":"Bolsas de estudo para italianos"},"content":{"rendered":"<p>No momento, n\u00e3o foi ativado o programa de acordo bilateral com a It\u00e1lia. Eventuais atualiza\u00e7\u00f5es ser\u00e3o publicadas neste site.<\/p>\n<p>Os cidad\u00e3os italianos que desejam realizar os estudos de p\u00f3s-gradua\u00e7\u00e3o no Brasil, mesmo na aus\u00eancia se um programa de financiamento espec\u00edfico, poder\u00e3o consultar o site\u00a0<a href=\"http:\/\/www.capes.gov.br\/\">www.capes.gov.br<\/a>\u00a0para obter informa\u00e7\u00f5es sobre os crit\u00e9rios de admiss\u00e3o para os cursos brasileiros de p\u00f3s-gradua\u00e7\u00e3o.<\/p>\n<table class=\"table\">\n<tbody>\n<tr>\n<td><strong>Contatos \u00fateis:<\/strong><\/td>\n<\/tr>\n<\/tbody>\n<\/table>\n<p><strong>Embaixada do Brasil<\/strong><br \/>\n<em>Endere\u00e7o<\/em>: Piazza Navona, 14 &#8211; 00186 Roma<br \/>\n<em>Tel<\/em>.: 06 683981 &#8211; Fax: 06 6867858<br \/>\n<em>E-mail<\/em>:\u00a0<a href=\"mailto:brasemb.roma@itamaraty.gov.br\">brasemb.roma@itamaraty.gov.br<\/a><br \/>\n<em>Site<\/em>:\u00a0<a href=\"http:\/\/roma.itamaraty.gov.br\/it\/\">www.ambasciatadelbrasile.it<\/a><\/p>\n<p><em>Sito<\/em>:\u00a0<a href=\"http:\/\/roma.itamaraty.gov.br\/it\/\">www.ambasciatadelbrasile.it<\/a><\/p>\n<p><strong>IGR &#8211; Instituto Guimar\u00e3es Rosa<\/strong><br \/>\n<em>Endere\u00e7o<\/em>: Piazza Navona, 18 \u2013 00186 Roma<br \/>\n<em>Tel<\/em>.: 06 68398285<br \/>\n<em>E-mail:<\/em> <a href=\"mailto:igr.roma@itamaraty.gov.br\">igr.roma@itamaraty.gov.br<\/a><\/p>\n<p>&nbsp;<\/p>\n<p><strong>Minist\u00e9rio da Educa\u00e7\u00e3o<\/strong>:\u00a0<a href=\"http:\/\/www.mec.gov.br\/\">www.mec.gov.br<\/a><\/p>\n<p><strong>Coordena\u00e7\u00e3o de Aperfei\u00e7oamento de Pessoal de N\u00edvel Superior<\/strong>:\u00a0<a href=\"http:\/\/www.capes.gov.br\/\">www.capes.gov.br<\/a><\/p>\n","protected":false},"excerpt":{"rendered":"No momento, n\u00e3o foi ativado o programa de acordo bilateral com a It\u00e1lia. Eventuais atualiza\u00e7\u00f5es ser\u00e3o publicadas neste site. Os cidad\u00e3os italianos que desejam realizar os estudos de p\u00f3s-gradua\u00e7\u00e3o no Brasil, mesmo na aus\u00eancia se um programa de financiamento espec\u00edfico, poder\u00e3o consultar o site\u00a0www.capes.gov.br\u00a0para obter informa\u00e7\u00f5es sobre os crit\u00e9rios de admiss\u00e3o para os cursos brasileiros [&hellip;]","protected":false},"author":5,"featured_media":0,"parent":79,"menu_order":1,"comment_status":"closed","ping_status":"closed","template":"","meta":{"footnotes":""},"class_list":["post-363","page","type-page","status-publish","hentry"],"_links":{"self":[{"href":"https:\/\/iicsanpaolo.esteri.it\/pt\/wp-json\/wp\/v2\/pages\/363","targetHints":{"allow":["GET"]}}],"collection":[{"href":"https:\/\/iicsanpaolo.esteri.it\/pt\/wp-json\/wp\/v2\/pages"}],"about":[{"href":"https:\/\/iicsanpaolo.esteri.it\/pt\/wp-json\/wp\/v2\/types\/page"}],"author":[{"embeddable":true,"href":"https:\/\/iicsanpaolo.esteri.it\/pt\/wp-json\/wp\/v2\/users\/5"}],"replies":[{"embeddable":true,"href":"https:\/\/iicsanpaolo.esteri.it\/pt\/wp-json\/wp\/v2\/comments?post=363"}],"version-history":[{"count":1,"href":"https:\/\/iicsanpaolo.esteri.it\/pt\/wp-json\/wp\/v2\/pages\/363\/revisions"}],"predecessor-version":[{"id":7494,"href":"https:\/\/iicsanpaolo.esteri.it\/pt\/wp-json\/wp\/v2\/pages\/363\/revisions\/7494"}],"up":[{"embeddable":true,"href":"https:\/\/iicsanpaolo.esteri.it\/pt\/wp-json\/wp\/v2\/pages\/79"}],"wp:attachment":[{"href":"https:\/\/iicsanpaolo.esteri.it\/pt\/wp-json\/wp\/v2\/media?parent=363"}],"curies":[{"name":"wp","href":"https:\/\/api.w.org\/{rel}","templated":true}]}}