{"id":376,"date":"2022-12-14T14:41:14","date_gmt":"2022-12-14T17:41:14","guid":{"rendered":"https:\/\/iicsanpaolo.esteri.it\/lingua-e-cultura\/i-corsi-di-lingua\/corsi-ditaliano-in-presenza\/"},"modified":"2025-01-14T12:34:45","modified_gmt":"2025-01-14T15:34:45","slug":"corsi-ditaliano-in-presenza","status":"publish","type":"page","link":"https:\/\/iicsanpaolo.esteri.it\/pt\/lingua-e-cultura\/i-corsi-di-lingua\/corsi-ditaliano-in-presenza\/","title":{"rendered":"Cursos de italiano presenciais"},"content":{"rendered":"<p>Com nossos cursos de l\u00edngua presenciais, voc\u00eas mergulhar\u00e3o no universo da l\u00edngua e cultura italianas de forma prazerosa e motivante.<\/p>\n<p>Os alunos t\u00eam acesso \u00e0 plataforma on line da escola com material complementar para o estudo aut\u00f4nomo, uma s\u00e9rie de exerc\u00edcios de gram\u00e1tica com solu\u00e7\u00e3o, \u00e1udios, v\u00eddeos e leituras.<\/p>\n<p>As\u00a0<strong>modalidades presenciais<\/strong>\u00a0s\u00e3o 3:<\/p>\n<p><em>Curso Extensivo<\/em>: 4 meses, 2 aulas semanais de 1h30 (in\u00edcio em mar\u00e7o e agosto)<br \/>\n<em>Curso Semi-intensivo<\/em>: 2 meses, 2 aulas semanais de 2h30 (in\u00edcio em maio e outubro)<br \/>\n<em>Curso Intensivo<\/em>: 1 m\u00eas, 4 aulas semanais de 2h30, de 2\u00aa a 5\u00aa (janeiro e julho)<\/p>\n<p><strong>Onde<\/strong>: na sede do IIC San Paolo, avenida Higien\u00f3polis, n\u00ba 436<\/p>\n<p><strong>Hor\u00e1rios<\/strong>:<\/p>\n<p>Manh\u00e3, a partir das 8h<br \/>\nTarde, a partir das 14h<br \/>\nNoite, a partir das 18h45<\/p>\n<p>Confiram no <strong>programa did\u00e1tico<\/strong>\u00a0os hor\u00e1rios precisos:<\/p>\n<p><a href=\"https:\/\/iicsanpaolo.esteri.it\/wp-content\/uploads\/2025\/01\/Programa_A1_presencial_2025.pdf\"><strong><span style=\"color: #333399;\">Programa A1 presencial<\/span><\/strong><\/a><\/p>\n<p><span style=\"color: #333399;\">Para ter acesso aos programas dos n\u00edveis A2 em diante, entrem em contato com a secretaria<\/span>.<\/p>\n<p>Os grupos s\u00e3o formados com um n\u00ba m\u00ednimo de 6 estudantes e um m\u00e1ximo de 10.<\/p>\n<p>&nbsp;<\/p>\n<p><strong>Valores por m\u00f3dulo (48 horas) e formas de pagamento<\/strong>:<\/p>\n<p>Valor parcelado : R$ 2.850,00<br \/>\n6 parcelas no cr\u00e9dito de R$ 475,00 ou 4 parcelas no boleto de R$ 712,50<\/p>\n<p>Valor \u00e0 vista:\u00a0 R$ 2.700,00<\/p>\n<p>&nbsp;<\/p>\n","protected":false},"excerpt":{"rendered":"Com nossos cursos de l\u00edngua presenciais, voc\u00eas mergulhar\u00e3o no universo da l\u00edngua e cultura italianas de forma prazerosa e motivante. Os alunos t\u00eam acesso \u00e0 plataforma on line da escola com material complementar para o estudo aut\u00f4nomo, uma s\u00e9rie de exerc\u00edcios de gram\u00e1tica com solu\u00e7\u00e3o, \u00e1udios, v\u00eddeos e leituras. As\u00a0modalidades presenciais\u00a0s\u00e3o 3: Curso Extensivo: 4 [&hellip;]","protected":false},"author":5,"featured_media":0,"parent":78,"menu_order":2,"comment_status":"closed","ping_status":"closed","template":"","meta":{"footnotes":""},"class_list":["post-376","page","type-page","status-publish","hentry"],"_links":{"self":[{"href":"https:\/\/iicsanpaolo.esteri.it\/pt\/wp-json\/wp\/v2\/pages\/376","targetHints":{"allow":["GET"]}}],"collection":[{"href":"https:\/\/iicsanpaolo.esteri.it\/pt\/wp-json\/wp\/v2\/pages"}],"about":[{"href":"https:\/\/iicsanpaolo.esteri.it\/pt\/wp-json\/wp\/v2\/types\/page"}],"author":[{"embeddable":true,"href":"https:\/\/iicsanpaolo.esteri.it\/pt\/wp-json\/wp\/v2\/users\/5"}],"replies":[{"embeddable":true,"href":"https:\/\/iicsanpaolo.esteri.it\/pt\/wp-json\/wp\/v2\/comments?post=376"}],"version-history":[{"count":3,"href":"https:\/\/iicsanpaolo.esteri.it\/pt\/wp-json\/wp\/v2\/pages\/376\/revisions"}],"predecessor-version":[{"id":6085,"href":"https:\/\/iicsanpaolo.esteri.it\/pt\/wp-json\/wp\/v2\/pages\/376\/revisions\/6085"}],"up":[{"embeddable":true,"href":"https:\/\/iicsanpaolo.esteri.it\/pt\/wp-json\/wp\/v2\/pages\/78"}],"wp:attachment":[{"href":"https:\/\/iicsanpaolo.esteri.it\/pt\/wp-json\/wp\/v2\/media?parent=376"}],"curies":[{"name":"wp","href":"https:\/\/api.w.org\/{rel}","templated":true}]}}