{"id":490,"date":"2022-12-15T15:45:23","date_gmt":"2022-12-15T18:45:23","guid":{"rendered":"https:\/\/iicsanpaolo.esteri.it\/bandi-di-gara\/"},"modified":"2023-01-03T17:21:38","modified_gmt":"2023-01-03T16:21:38","slug":"bandi-di-gara","status":"publish","type":"page","link":"https:\/\/iicsanpaolo.esteri.it\/pt\/amministrazione-trasparente\/bandi-di-gara\/","title":{"rendered":"Avisos p\u00fablicos"},"content":{"rendered":"<p>Conte\u00fado dispon\u00edvel apenas <a href=\"https:\/\/iicsanpaolo.esteri.it\/it\/amministrazione-trasparente\/bandi-di-gara\/\">em italiano<\/a><\/p>\n","protected":false},"excerpt":{"rendered":"Conte\u00fado dispon\u00edvel apenas em italiano","protected":false},"author":3,"featured_media":0,"parent":496,"menu_order":0,"comment_status":"closed","ping_status":"closed","template":"","meta":{"footnotes":""},"class_list":["post-490","page","type-page","status-publish","hentry"],"_links":{"self":[{"href":"https:\/\/iicsanpaolo.esteri.it\/pt\/wp-json\/wp\/v2\/pages\/490","targetHints":{"allow":["GET"]}}],"collection":[{"href":"https:\/\/iicsanpaolo.esteri.it\/pt\/wp-json\/wp\/v2\/pages"}],"about":[{"href":"https:\/\/iicsanpaolo.esteri.it\/pt\/wp-json\/wp\/v2\/types\/page"}],"author":[{"embeddable":true,"href":"https:\/\/iicsanpaolo.esteri.it\/pt\/wp-json\/wp\/v2\/users\/3"}],"replies":[{"embeddable":true,"href":"https:\/\/iicsanpaolo.esteri.it\/pt\/wp-json\/wp\/v2\/comments?post=490"}],"version-history":[{"count":0,"href":"https:\/\/iicsanpaolo.esteri.it\/pt\/wp-json\/wp\/v2\/pages\/490\/revisions"}],"up":[{"embeddable":true,"href":"https:\/\/iicsanpaolo.esteri.it\/pt\/wp-json\/wp\/v2\/pages\/496"}],"wp:attachment":[{"href":"https:\/\/iicsanpaolo.esteri.it\/pt\/wp-json\/wp\/v2\/media?parent=490"}],"curies":[{"name":"wp","href":"https:\/\/api.w.org\/{rel}","templated":true}]}}