{"id":5568,"date":"2024-11-04T10:44:57","date_gmt":"2024-11-04T13:44:57","guid":{"rendered":"https:\/\/iicsanpaolo.esteri.it\/?page_id=5568"},"modified":"2024-11-04T10:45:26","modified_gmt":"2024-11-04T13:45:26","slug":"netiquette-social-media","status":"publish","type":"page","link":"https:\/\/iicsanpaolo.esteri.it\/pt\/chi-siamo\/contatti\/netiquette-social-media\/","title":{"rendered":"Netiquette Social media"},"content":{"rendered":"<p>Este Instituto Italiano de Cultura utiliza as m\u00eddias sociais para fins institucionais, para aumentar \u00a0\u00a0a transpar\u00eancia e conhecimento das pr\u00f3prias atividades: informa, comunica, escuta e publica conte\u00fados de car\u00e1ter institucional.<\/p>\n<p>Os conte\u00fados publicados compreendem fotografias, v\u00eddeos institucionais, comunicados para a imprensa, informa\u00e7\u00f5es de servi\u00e7o, not\u00edcias relativas \u00e0 atividade desta sede.<\/p>\n<p>Atrav\u00e9s dos pr\u00f3prios canais sociais, esta sede pode compartilhar e relan\u00e7ar conte\u00fados e mensagens de interesse p\u00fablico e utilidades publicadas por outros usu\u00e1rios.<\/p>\n<p>Este Instituto empenha-se em gerenciar espa\u00e7os de comunica\u00e7\u00e3o e di\u00e1logo dentro dos pr\u00f3prios perfis de m\u00eddia social, solicitando aos pr\u00f3prios usu\u00e1rios o respeito de algumas regras simples:<\/p>\n<ol>\n<li>A todos pede-se de expor a pr\u00f3pria opini\u00e3o com corre\u00e7\u00e3o, medida e respeito.<\/li>\n<li>Nas m\u00eddias sociais cada um \u00e9 respons\u00e1vel pelos conte\u00fados que publica e pelas opini\u00f5es que exprime. N\u00e3o ser\u00e3o de qualquer forma tolerados insultos, vulgaridades, ofensas, amea\u00e7as e, em geral, atitudes violentas ou difamat\u00f3rias.<\/li>\n<li>Os conte\u00fados publicados devem sempre respeitar a prote\u00e7\u00e3o dos dados pessoais. Devem ser evitadas refer\u00eancias a fatos ou a detalhes privados de relev\u00e2ncia p\u00fablica e que prejudicam a esfera pessoal de terceiros.<\/li>\n<li>O interesse dos argumentos no que diz respeito \u00e0s atividades desta sede \u00e9 um requisito essencial: n\u00e3o \u00e9 poss\u00edvel de modo algum utilizar esses espa\u00e7os para prop\u00f3sitos diferentes daqueles institucionais.<\/li>\n<li>Cada discuss\u00e3o est\u00e1 ligada a um tema espec\u00edfico: a todos os participantes solicita-se de respeit\u00e1-lo, evitando de ampliar o confronto de modo gen\u00e9rico e indiscriminado.<\/li>\n<li>N\u00e3o ser\u00e1 tolerada nenhuma forma de publicidade, <em>spam<\/em> ou promo\u00e7\u00e3o de interesses privados ou de atividades ilegais.<\/li>\n<li>N\u00e3o s\u00e3o permitidos conte\u00fados que violem o direito de autor nem a utiliza\u00e7\u00e3o n\u00e3o autorizada de marcas registradas.<\/li>\n<\/ol>\n<p>Em todo o caso, onde a m\u00eddia social o permita, ser\u00e3o removidos pelo staff todas as postagens, os coment\u00e1rios o os materiais de \u00e1udio\/v\u00eddeo que:<\/p>\n<ul>\n<li>apresentem uma linguagem inapropriada e\/ou um tom amea\u00e7ador, violento, vulgar ou desrespeitoso;<\/li>\n<li>apresentem conte\u00fados il\u00edcitos ou de incita\u00e7\u00e3o \u00e0 pratica de atividades il\u00edcitas;<\/li>\n<li>tenham conte\u00fados ofensivos, enganadores, alarmistas, ou de viola\u00e7\u00e3o dos direitos de terceiros;<\/li>\n<li>divulguem dados e informa\u00e7\u00f5es pessoais ou que possam causar danos ou denegrir a reputa\u00e7\u00e3o de terceiros;<\/li>\n<li>apresentem conte\u00fado obsceno, pornogr\u00e1fico ou pedopornogr\u00e1fico, ou de forma a ofender a sensibilidade dos usu\u00e1rios;<\/li>\n<li>tenham um conte\u00fado discriminat\u00f3rio por g\u00eanero, ra\u00e7a, etnia, l\u00edngua, cren\u00e7a religiosa, opini\u00e3o pol\u00edtica, orienta\u00e7\u00e3o sexual, idade, condi\u00e7\u00f5es pessoais e sociais;<\/li>\n<li>promovam ou sustentem atividades ilegais, que violem a prote\u00e7\u00e3o do direito de autor ou que utilizem de maneira inapropriada uma marca registrada.<\/li>\n<\/ul>\n<p>Para quem violar repetidamente estas condi\u00e7\u00f5es ou aquelas contidas nas <em>policy<\/em> dos instrumentos adotados, esta sede, coerentemente com a <em>Social Media Policy<\/em> do MAECI, reserva-se o direito de usar o bloqueio (quando poss\u00edvel, ap\u00f3s uma advert\u00eancia inicial) para impedir ulteriores interven\u00e7\u00f5es, e de assinalar o usu\u00e1rio para os respons\u00e1veis pela plataforma e eventualmente \u00e0s for\u00e7as de ordem.<\/p>\n","protected":false},"excerpt":{"rendered":"Este Instituto Italiano de Cultura utiliza as m\u00eddias sociais para fins institucionais, para aumentar \u00a0\u00a0a transpar\u00eancia e conhecimento das pr\u00f3prias atividades: informa, comunica, escuta e publica conte\u00fados de car\u00e1ter institucional. Os conte\u00fados publicados compreendem fotografias, v\u00eddeos institucionais, comunicados para a imprensa, informa\u00e7\u00f5es de servi\u00e7o, not\u00edcias relativas \u00e0 atividade desta sede. Atrav\u00e9s dos pr\u00f3prios canais sociais, [&hellip;]","protected":false},"author":6,"featured_media":0,"parent":77,"menu_order":0,"comment_status":"closed","ping_status":"closed","template":"","meta":{"footnotes":""},"class_list":["post-5568","page","type-page","status-publish","hentry"],"_links":{"self":[{"href":"https:\/\/iicsanpaolo.esteri.it\/pt\/wp-json\/wp\/v2\/pages\/5568","targetHints":{"allow":["GET"]}}],"collection":[{"href":"https:\/\/iicsanpaolo.esteri.it\/pt\/wp-json\/wp\/v2\/pages"}],"about":[{"href":"https:\/\/iicsanpaolo.esteri.it\/pt\/wp-json\/wp\/v2\/types\/page"}],"author":[{"embeddable":true,"href":"https:\/\/iicsanpaolo.esteri.it\/pt\/wp-json\/wp\/v2\/users\/6"}],"replies":[{"embeddable":true,"href":"https:\/\/iicsanpaolo.esteri.it\/pt\/wp-json\/wp\/v2\/comments?post=5568"}],"version-history":[{"count":1,"href":"https:\/\/iicsanpaolo.esteri.it\/pt\/wp-json\/wp\/v2\/pages\/5568\/revisions"}],"predecessor-version":[{"id":5569,"href":"https:\/\/iicsanpaolo.esteri.it\/pt\/wp-json\/wp\/v2\/pages\/5568\/revisions\/5569"}],"up":[{"embeddable":true,"href":"https:\/\/iicsanpaolo.esteri.it\/pt\/wp-json\/wp\/v2\/pages\/77"}],"wp:attachment":[{"href":"https:\/\/iicsanpaolo.esteri.it\/pt\/wp-json\/wp\/v2\/media?parent=5568"}],"curies":[{"name":"wp","href":"https:\/\/api.w.org\/{rel}","templated":true}]}}