{"id":75,"date":"2022-12-06T17:44:41","date_gmt":"2022-12-06T20:44:41","guid":{"rendered":"https:\/\/iicsanpaolo.esteri.it\/chi-siamo\/il-personale\/"},"modified":"2026-01-13T13:44:16","modified_gmt":"2026-01-13T16:44:16","slug":"il-personale","status":"publish","type":"page","link":"https:\/\/iicsanpaolo.esteri.it\/pt\/chi-siamo\/il-personale\/","title":{"rendered":"Funcion\u00e1rios"},"content":{"rendered":"<table width=\"0\">\n<tbody>\n<tr>\n<td><strong>Diretor<\/strong><\/p>\n<p><img loading=\"lazy\" decoding=\"async\" class=\"alignnone wp-image-2860 img-fluid\" src=\"https:\/\/iicsanpaolo.esteri.it\/wp-content\/uploads\/2024\/01\/IMG-20240112-WA0014.jpg\" alt=\"\" width=\"151\" height=\"228\" \/><\/p>\n<p><strong>Lillo Teodoro Guarneri<\/strong><\/td>\n<td><a href=\"mailto:iicsanpaolo@esteri.it\">i<\/a><a href=\"mailto:iicsanpaolo@esteri.it\">icsanpaolo@esteri.it<\/a><\/td>\n<\/tr>\n<tr>\n<td>Vice Diretora<\/td>\n<td><strong>Margherita Marziali <\/strong>&#8211; <a href=\"mailto:addetto.iicsanpaolo@esteri.it\">iicsanpaolo@esteri.it<\/a><\/td>\n<\/tr>\n<tr>\n<td>Secretaria\/Arquivo \/ Recep\u00e7\u00e3o \/ Biblioteca<\/td>\n<td><strong>Marcel Vasconcelos Alves da Silva <\/strong>&#8211; <a href=\"mailto:iicsanpaolo@esteri.it\">iicsanpaolo@esteri.it<\/a> \/ <a href=\"mailto:biblioteca.iicsanpaolo@esteri.it\">biblioteca.iicsanpaolo@esteri.it<\/a><\/td>\n<\/tr>\n<tr>\n<td>Eventos Culturais<\/td>\n<td><strong>Francesca Casano<\/strong> &#8211; <a href=\"mailto:eventi2.iicsanpaolo@esteri.it\">eventi2.iicsanpaolo@esteri.it<\/a><\/td>\n<\/tr>\n<tr>\n<td>Administra\u00e7\u00e3o \/ Contabilidade<\/td>\n<td><strong>Sergio C. Briganti<\/strong> &#8211;\u00a0<a href=\"mailto:amministrazione.iicsanpaolo@esteri.it\">amministrazione.iicsanpaolo@esteri.it<\/a><\/td>\n<\/tr>\n<tr>\n<td>Administra\u00e7\u00e3o \/ Comunica\u00e7\u00e3o \/ Eventos culturais<\/td>\n<td><strong>Anna Gallo<\/strong> &#8211;\u00a0<a href=\"mailto:amministrazione2.iicsanpaolo@esteri.it\">amministrazione2.iicsanpaolo@esteri.it<\/a><\/td>\n<\/tr>\n<tr>\n<td>Aux\u00edlio \u00e0 Contabilidade \/ Administra\u00e7\u00e3o<\/td>\n<td><strong>Patrizia Giovanna Olivieri<\/strong> &#8211;\u00a0<a href=\"mailto:contabilita.iicsanpaolo@esteri.it\">contabilita.iicsanpaolo@esteri.it<\/a><\/td>\n<\/tr>\n<tr>\n<td>Site \/ Informa\u00e7\u00f5es \/ Recep\u00e7\u00e3o<\/td>\n<td><strong>Daniele Posata<\/strong> &#8211;\u00a0<a href=\"mailto:info.iicsanpaolo@esteri.it\">info.iicsanpaolo@esteri.it<\/a><\/td>\n<\/tr>\n<tr>\n<td>Certifica\u00e7\u00f5es l\u00edngua italiana<\/td>\n<td><a href=\"mailto:esami.iicsanpaolo@esteri.it\">esami.iicsanpaolo@esteri.it<\/a><\/td>\n<\/tr>\n<tr>\n<td>Informa\u00e7\u00f5es curso de l\u00edngua<\/td>\n<td><a href=\"https:\/\/iicsanpaolo.esteri.it\/pt\/lingua-e-cultura\/i-corsi-di-lingua\/\">Cursos de L\u00edngua \u2013 Istituto Italiano di Cultura di San Paolo<\/a><\/td>\n<\/tr>\n<\/tbody>\n<\/table>\n","protected":false},"excerpt":{"rendered":"Diretor Lillo Teodoro Guarneri iicsanpaolo@esteri.it Vice Diretora Margherita Marziali &#8211; iicsanpaolo@esteri.it Secretaria\/Arquivo \/ Recep\u00e7\u00e3o \/ Biblioteca Marcel Vasconcelos Alves da Silva &#8211; iicsanpaolo@esteri.it \/ biblioteca.iicsanpaolo@esteri.it Eventos Culturais Francesca Casano &#8211; eventi2.iicsanpaolo@esteri.it Administra\u00e7\u00e3o \/ Contabilidade Sergio C. Briganti &#8211;\u00a0amministrazione.iicsanpaolo@esteri.it Administra\u00e7\u00e3o \/ Comunica\u00e7\u00e3o \/ Eventos culturais Anna Gallo &#8211;\u00a0amministrazione2.iicsanpaolo@esteri.it Aux\u00edlio \u00e0 Contabilidade \/ Administra\u00e7\u00e3o Patrizia Giovanna Olivieri [&hellip;]","protected":false},"author":3,"featured_media":0,"parent":33,"menu_order":0,"comment_status":"closed","ping_status":"closed","template":"","meta":{"footnotes":""},"class_list":["post-75","page","type-page","status-publish","hentry"],"_links":{"self":[{"href":"https:\/\/iicsanpaolo.esteri.it\/pt\/wp-json\/wp\/v2\/pages\/75","targetHints":{"allow":["GET"]}}],"collection":[{"href":"https:\/\/iicsanpaolo.esteri.it\/pt\/wp-json\/wp\/v2\/pages"}],"about":[{"href":"https:\/\/iicsanpaolo.esteri.it\/pt\/wp-json\/wp\/v2\/types\/page"}],"author":[{"embeddable":true,"href":"https:\/\/iicsanpaolo.esteri.it\/pt\/wp-json\/wp\/v2\/users\/3"}],"replies":[{"embeddable":true,"href":"https:\/\/iicsanpaolo.esteri.it\/pt\/wp-json\/wp\/v2\/comments?post=75"}],"version-history":[{"count":6,"href":"https:\/\/iicsanpaolo.esteri.it\/pt\/wp-json\/wp\/v2\/pages\/75\/revisions"}],"predecessor-version":[{"id":9952,"href":"https:\/\/iicsanpaolo.esteri.it\/pt\/wp-json\/wp\/v2\/pages\/75\/revisions\/9952"}],"up":[{"embeddable":true,"href":"https:\/\/iicsanpaolo.esteri.it\/pt\/wp-json\/wp\/v2\/pages\/33"}],"wp:attachment":[{"href":"https:\/\/iicsanpaolo.esteri.it\/pt\/wp-json\/wp\/v2\/media?parent=75"}],"curies":[{"name":"wp","href":"https:\/\/api.w.org\/{rel}","templated":true}]}}