{"id":77,"date":"2022-12-06T17:45:17","date_gmt":"2022-12-06T20:45:17","guid":{"rendered":"https:\/\/iicsanpaolo.esteri.it\/chi-siamo\/contatti\/"},"modified":"2024-11-05T11:50:50","modified_gmt":"2024-11-05T14:50:50","slug":"contatti","status":"publish","type":"page","link":"https:\/\/iicsanpaolo.esteri.it\/pt\/chi-siamo\/contatti\/","title":{"rendered":"Contatos"},"content":{"rendered":"<p>Istituto Italiano di Cultura di San Paolo<br \/>\nAv. Higien\u00f3polis, 436 \u2013 Higien\u00f3polis<br \/>\n01238-000 &#8211; S\u00e3o Paulo \u2013 SP \u2013 Brasil<\/p>\n<p>Tel. (11) 3660 8888\u2013 Fax (11) 3660 8889<\/p>\n<p><a href=\"mailto:iicsanpaolo@esteri.it\">iicsanpaolo@esteri.it<\/a><\/p>\n<p>Solicitamos enviar eventuais propostas de eventos culturais <span style=\"text-decoration: underline;\"><strong>exclusivamente<\/strong><\/span> ao endere\u00e7o eletr\u00f4nico <a href=\"mailto:eventi2.iicsanpaolo@esteri.it\">eventi2.iicsanpaolo@esteri.it<\/a><br \/>\nIniciativas enviadas a outros e-mail poder\u00e3o n\u00e3o ser respondidas.<\/p>\n<p>Informa\u00e7\u00f5es \u00fateis sobre os eventos organizados pelo Instituto Italiano de Cultura de S\u00e3o Paulo est\u00e3o dispon\u00edveis tamb\u00e9m em nossas redes sociais: <strong>Instagram <a href=\"https:\/\/www.instagram.com\/iic_sanpaolo\/\">@iic_sanpaolo<\/a><\/strong>, <strong>X <a href=\"https:\/\/x.com\/IICSanPaolo\">@IICSanPaolo<\/a><\/strong> e <strong>Facebook <a href=\"https:\/\/www.facebook.com\/IstitutoItalianoDiCulturaSanPaolo\">Istituto Italiano di Cultura San Paolo<\/a><\/strong>. Confiram nossa <a href=\"https:\/\/iicsanpaolo.esteri.it\/pt\/chi-siamo\/contatti\/netiquette-social-media\/\"><strong>netiquette<\/strong><\/a><strong>.<\/strong><\/p>\n<p>&nbsp;<\/p>\n<p><strong>Hor\u00e1rios de funcionamento<\/strong>:<\/p>\n<p>de 2\u00aa a 5\u00aa das 9:00 \u00e0s 13:00 e das 15:00 \u00e0s 17:00<\/p>\n<p>de 6\u00aa das 9:30 \u00e0s 13:00<\/p>\n<p>&nbsp;<\/p>\n<p>Como chegar at\u00e9 o Istituto:<\/p>\n<p><img decoding=\"async\" class=\"alignnone size-medium wp-image-63 img-fluid\" src=\"https:\/\/iicsanpaolo.esteri.it\/wp-content\/uploads\/2022\/12\/come-raggiungere-iic-sanpaolo.png\" alt=\"come raggiungere iic sanpaolo\" width=\"700\" srcset=\"https:\/\/iicsanpaolo.esteri.it\/wp-content\/uploads\/2022\/12\/come-raggiungere-iic-sanpaolo.png 1008w, https:\/\/iicsanpaolo.esteri.it\/wp-content\/uploads\/2022\/12\/come-raggiungere-iic-sanpaolo-300x154.png 300w, https:\/\/iicsanpaolo.esteri.it\/wp-content\/uploads\/2022\/12\/come-raggiungere-iic-sanpaolo-768x395.png 768w\" sizes=\"(max-width: 1008px) 100vw, 1008px\" \/><\/p>\n","protected":false},"excerpt":{"rendered":"Istituto Italiano di Cultura di San Paolo Av. Higien\u00f3polis, 436 \u2013 Higien\u00f3polis 01238-000 &#8211; S\u00e3o Paulo \u2013 SP \u2013 Brasil Tel. (11) 3660 8888\u2013 Fax (11) 3660 8889 iicsanpaolo@esteri.it Solicitamos enviar eventuais propostas de eventos culturais exclusivamente ao endere\u00e7o eletr\u00f4nico eventi2.iicsanpaolo@esteri.it Iniciativas enviadas a outros e-mail poder\u00e3o n\u00e3o ser respondidas. Informa\u00e7\u00f5es \u00fateis sobre os eventos [&hellip;]","protected":false},"author":3,"featured_media":0,"parent":33,"menu_order":4,"comment_status":"closed","ping_status":"closed","template":"","meta":{"footnotes":""},"class_list":["post-77","page","type-page","status-publish","hentry"],"_links":{"self":[{"href":"https:\/\/iicsanpaolo.esteri.it\/pt\/wp-json\/wp\/v2\/pages\/77","targetHints":{"allow":["GET"]}}],"collection":[{"href":"https:\/\/iicsanpaolo.esteri.it\/pt\/wp-json\/wp\/v2\/pages"}],"about":[{"href":"https:\/\/iicsanpaolo.esteri.it\/pt\/wp-json\/wp\/v2\/types\/page"}],"author":[{"embeddable":true,"href":"https:\/\/iicsanpaolo.esteri.it\/pt\/wp-json\/wp\/v2\/users\/3"}],"replies":[{"embeddable":true,"href":"https:\/\/iicsanpaolo.esteri.it\/pt\/wp-json\/wp\/v2\/comments?post=77"}],"version-history":[{"count":6,"href":"https:\/\/iicsanpaolo.esteri.it\/pt\/wp-json\/wp\/v2\/pages\/77\/revisions"}],"predecessor-version":[{"id":5632,"href":"https:\/\/iicsanpaolo.esteri.it\/pt\/wp-json\/wp\/v2\/pages\/77\/revisions\/5632"}],"up":[{"embeddable":true,"href":"https:\/\/iicsanpaolo.esteri.it\/pt\/wp-json\/wp\/v2\/pages\/33"}],"wp:attachment":[{"href":"https:\/\/iicsanpaolo.esteri.it\/pt\/wp-json\/wp\/v2\/media?parent=77"}],"curies":[{"name":"wp","href":"https:\/\/api.w.org\/{rel}","templated":true}]}}