{"id":78,"date":"2022-12-06T17:48:57","date_gmt":"2022-12-06T20:48:57","guid":{"rendered":"https:\/\/iicsanpaolo.esteri.it\/lingua-e-cultura\/i-corsi-di-lingua\/"},"modified":"2025-04-09T14:38:37","modified_gmt":"2025-04-09T17:38:37","slug":"i-corsi-di-lingua","status":"publish","type":"page","link":"https:\/\/iicsanpaolo.esteri.it\/pt\/lingua-e-cultura\/i-corsi-di-lingua\/","title":{"rendered":"Cursos de L\u00edngua"},"content":{"rendered":"<p>Em parceria com o Instituto Italiano de Cultura de S\u00e3o Paulo, a Puntob oferece cursos de l\u00edngua e cultura italiana, com a mais alta qualidade de ensino, tem\u00e1tica atual e de interesse dos alunos. Nas modalidades <a href=\"https:\/\/iicsanpaolo.esteri.it\/pt\/lingua-e-cultura\/i-corsi-di-lingua\/corsi-ditaliano-online\/\">online<\/a> e <a href=\"https:\/\/iicsanpaolo.esteri.it\/pt\/lingua-e-cultura\/i-corsi-di-lingua\/corsi-ditaliano-in-presenza\/\">presencial<\/a>, em grupo ou individual, os nossos cursos levam o aluno a atingir todos os n\u00edveis de profici\u00eancia da l\u00edngua, ao mercado de trabalho italiano e aos v\u00e1rios cursos universit\u00e1rios, e, ainda, para a It\u00e1lia, com uma bagagem lingu\u00edstica e cultural importante, permitindo vivenciar uma rica experi\u00eancia de viagem.<\/p>\n<p>Venha conhecer as nossas propostas!<\/p>\n<p>&nbsp;<\/p>\n<p><em>Secretaria<\/em><\/p>\n<p><strong>Endere\u00e7o<\/strong>: Av. Higien\u00f3polis, 436<br \/>\n<b>Atendimento presencial<\/b>: quarta e quinta-feira, das 10:00 \u00e0s 13:00 e das 14:00 \u00e0s 18:00<br \/>\n<strong>Atendimento whatsapp e telefone<\/strong>: (11) 99270 7188 (de segunda a sexta-feira, das 10:00 \u00e0s 13:00 e das 14:00 \u00e0s 18:00)<br \/>\n<strong>e-mail<\/strong>: <a href=\"mailto:iic_cursos@puntob.com.br\">iic_cursos@puntob.com.br<\/a><\/p>\n","protected":false},"excerpt":{"rendered":"Em parceria com o Instituto Italiano de Cultura de S\u00e3o Paulo, a Puntob oferece cursos de l\u00edngua e cultura italiana, com a mais alta qualidade de ensino, tem\u00e1tica atual e de interesse dos alunos. Nas modalidades online e presencial, em grupo ou individual, os nossos cursos levam o aluno a atingir todos os n\u00edveis de [&hellip;]","protected":false},"author":3,"featured_media":0,"parent":31,"menu_order":2,"comment_status":"closed","ping_status":"closed","template":"","meta":{"footnotes":""},"class_list":["post-78","page","type-page","status-publish","hentry"],"_links":{"self":[{"href":"https:\/\/iicsanpaolo.esteri.it\/pt\/wp-json\/wp\/v2\/pages\/78","targetHints":{"allow":["GET"]}}],"collection":[{"href":"https:\/\/iicsanpaolo.esteri.it\/pt\/wp-json\/wp\/v2\/pages"}],"about":[{"href":"https:\/\/iicsanpaolo.esteri.it\/pt\/wp-json\/wp\/v2\/types\/page"}],"author":[{"embeddable":true,"href":"https:\/\/iicsanpaolo.esteri.it\/pt\/wp-json\/wp\/v2\/users\/3"}],"replies":[{"embeddable":true,"href":"https:\/\/iicsanpaolo.esteri.it\/pt\/wp-json\/wp\/v2\/comments?post=78"}],"version-history":[{"count":3,"href":"https:\/\/iicsanpaolo.esteri.it\/pt\/wp-json\/wp\/v2\/pages\/78\/revisions"}],"predecessor-version":[{"id":6631,"href":"https:\/\/iicsanpaolo.esteri.it\/pt\/wp-json\/wp\/v2\/pages\/78\/revisions\/6631"}],"up":[{"embeddable":true,"href":"https:\/\/iicsanpaolo.esteri.it\/pt\/wp-json\/wp\/v2\/pages\/31"}],"wp:attachment":[{"href":"https:\/\/iicsanpaolo.esteri.it\/pt\/wp-json\/wp\/v2\/media?parent=78"}],"curies":[{"name":"wp","href":"https:\/\/api.w.org\/{rel}","templated":true}]}}