{"id":81,"date":"2022-12-06T17:52:12","date_gmt":"2022-12-06T20:52:12","guid":{"rendered":"https:\/\/iicsanpaolo.esteri.it\/lingua-e-cultura\/studiare-in-italia\/"},"modified":"2025-04-07T14:00:39","modified_gmt":"2025-04-07T17:00:39","slug":"studiare-in-italia","status":"publish","type":"page","link":"https:\/\/iicsanpaolo.esteri.it\/pt\/lingua-e-cultura\/studiare-in-italia\/","title":{"rendered":"Estudar na It\u00e1lia"},"content":{"rendered":"<p class=\"titoloNotizia\"><strong>Universidades<\/strong><\/p>\n<p>Not\u00edcias de interesse geral sobre a organiza\u00e7\u00e3o e o funcionamento das Universidades italianas podem ser encontradas na se\u00e7\u00e3o do site do<strong>\u00a0<a href=\"https:\/\/www.miur.gov.it\/\">Minist\u00e9rio da Instru\u00e7\u00e3o, da Universidade e da Pesquisa (MIUR)<\/a><\/strong>\u00a0da It\u00e1lia.<\/p>\n<p><span class=\"titoloNotizia\"><em>Quais e quantas s\u00e3o<\/em><br \/>\n<\/span><br \/>\nListas completas dos &#8220;Atenei&#8221; s\u00e3o encontradas nos seguintes sites:<\/p>\n<ul>\n<li><strong><a href=\"http:\/\/cercauniversita.cineca.it\/index.php\" target=\"_blank\" rel=\"noopener\">O\u00a0motor de\u00a0busca do MIUR<\/a><\/strong><\/li>\n<li><a href=\"http:\/\/www.crui.it\/\" target=\"_blank\" rel=\"noopener\"><strong>A p\u00e1gina dedicada \u00e0 CRUI<\/strong><\/a>\u00a0(Confer\u00eancia dos Reitores das Universidades Italianas)<\/li>\n<\/ul>\n<p><span class=\"titoloNotizia\"><em>Inscri\u00e7\u00f5es de estudantes estrangeiros<\/em><\/span><\/p>\n<p>Os estudantes estrangeiros interessados em efetuar estudos junto \u00e0s Universidades italianas encontram not\u00edcias \u00fateis sobre as vagas a eles reservadas atrav\u00e9s\u00a0do\u00a0<strong><a href=\"https:\/\/www.cineca.it\/it\">sistema de busca Cineca<\/a><\/strong>\u00a0e\u00a0de\u00a0<a href=\"http:\/\/www.miur.it\/0002Univer\/0023Studen\/0059Studen\/0619docume\/4794Dispos_cf2.htm\" target=\"_blank\" rel=\"noopener\">u<strong>ma se\u00e7\u00e3o espec\u00edfica do site MIUR<\/strong><\/a>.<\/p>\n<p class=\"titoloNotizia\"><strong>Escolas<\/strong><\/p>\n<p>Not\u00edcias gerais sobre o sistema escolar italiano e not\u00edcias \u00fateis se encontram no site do\u00a0<strong><a href=\"https:\/\/www.miur.gov.it\/\">Minist\u00e9rio da Instru\u00e7\u00e3o, da Universidade e da Pesquisa (MIUR)<\/a><\/strong>.<\/p>\n<p><em>Quantas e quais s\u00e3o<strong><br \/>\n<\/strong><\/em><br \/>\nA lista completa das escolas de todas as ordens e graus pode ser consultada com os seguites sistemas de busca:<\/p>\n<ul>\n<li><strong><a href=\"http:\/\/www.istruzione.it\/anagrafica_scuole\/statali.shtml\" target=\"_blank\" rel=\"noopener\">Escolas Estatais<\/a><\/strong><\/li>\n<\/ul>\n<p class=\"titoloNotizia\"><strong>Alta forma\u00e7\u00e3o art\u00edstica e musical<\/strong><\/p>\n<p>A\u00a0<a href=\"http:\/\/www.miur.it\/0004Alta_F\/0027Istitu\/index_cf4.htm\" target=\"_blank\" rel=\"noopener\">l<strong>ista completa<\/strong><\/a>\u00a0das academias, dos conservat\u00f3rios e dos Institutos de Alta Forma\u00e7\u00e3o Art\u00edstica e Musical.<\/p>\n<p><strong>Tornar-se professor de italiano como l\u00edngua estrangeira<\/strong><\/p>\n<ul>\n<li><strong><a href=\"http:\/\/www.unistrasi.it\/pages\/1.asp?cod=40\" target=\"_blank\" rel=\"noopener\">D.ITAL.S<\/a>\u00a0<\/strong><\/li>\n<li><strong><a href=\"https:\/\/www.itals.it\/\">Progetto ITALS<\/a>\u00a0<\/strong>&#8211; Departamento de Ci\u00eancias da Linguagem da Universidade Ca&#8217; Foscari de Veneza<\/li>\n<li><a href=\"https:\/\/www.unistrapg.it\/it\/studiare-alla-stranieri\/corsi-di-laurea-e-laurea-magistrale\/italiano-l-insegnamento-stranieri-itas\"><strong>Gradua\u00e7\u00e3o em ensino da l\u00edngua e da cultura italiana para estrangeiros<\/strong><\/a>\u00a0&#8211; Universidade para Estrangeiros de Perugia<\/li>\n<li><a href=\"http:\/\/www.italicon.education\/it\/offerta-didattica-icon\"><strong>Gradua\u00e7\u00e3o em l\u00edngua e cultura italiana para estrangeiros<\/strong><\/a>\u00a0&#8211; curso on-line da ICoN<\/li>\n<\/ul>\n","protected":false},"excerpt":{"rendered":"Universidades Not\u00edcias de interesse geral sobre a organiza\u00e7\u00e3o e o funcionamento das Universidades italianas podem ser encontradas na se\u00e7\u00e3o do site do\u00a0Minist\u00e9rio da Instru\u00e7\u00e3o, da Universidade e da Pesquisa (MIUR)\u00a0da It\u00e1lia. Quais e quantas s\u00e3o Listas completas dos &#8220;Atenei&#8221; s\u00e3o encontradas nos seguintes sites: O\u00a0motor de\u00a0busca do MIUR A p\u00e1gina dedicada \u00e0 CRUI\u00a0(Confer\u00eancia dos Reitores [&hellip;]","protected":false},"author":3,"featured_media":0,"parent":31,"menu_order":6,"comment_status":"closed","ping_status":"closed","template":"","meta":{"footnotes":""},"class_list":["post-81","page","type-page","status-publish","hentry"],"_links":{"self":[{"href":"https:\/\/iicsanpaolo.esteri.it\/pt\/wp-json\/wp\/v2\/pages\/81","targetHints":{"allow":["GET"]}}],"collection":[{"href":"https:\/\/iicsanpaolo.esteri.it\/pt\/wp-json\/wp\/v2\/pages"}],"about":[{"href":"https:\/\/iicsanpaolo.esteri.it\/pt\/wp-json\/wp\/v2\/types\/page"}],"author":[{"embeddable":true,"href":"https:\/\/iicsanpaolo.esteri.it\/pt\/wp-json\/wp\/v2\/users\/3"}],"replies":[{"embeddable":true,"href":"https:\/\/iicsanpaolo.esteri.it\/pt\/wp-json\/wp\/v2\/comments?post=81"}],"version-history":[{"count":1,"href":"https:\/\/iicsanpaolo.esteri.it\/pt\/wp-json\/wp\/v2\/pages\/81\/revisions"}],"predecessor-version":[{"id":6624,"href":"https:\/\/iicsanpaolo.esteri.it\/pt\/wp-json\/wp\/v2\/pages\/81\/revisions\/6624"}],"up":[{"embeddable":true,"href":"https:\/\/iicsanpaolo.esteri.it\/pt\/wp-json\/wp\/v2\/pages\/31"}],"wp:attachment":[{"href":"https:\/\/iicsanpaolo.esteri.it\/pt\/wp-json\/wp\/v2\/media?parent=81"}],"curies":[{"name":"wp","href":"https:\/\/api.w.org\/{rel}","templated":true}]}}