{"id":82,"date":"2022-12-06T17:56:07","date_gmt":"2022-12-06T20:56:07","guid":{"rendered":"https:\/\/iicsanpaolo.esteri.it\/lingua-e-cultura\/opac-catalogo-biblioteca\/"},"modified":"2025-08-04T12:50:44","modified_gmt":"2025-08-04T15:50:44","slug":"opac-catalogo-biblioteca","status":"publish","type":"page","link":"https:\/\/iicsanpaolo.esteri.it\/pt\/lingua-e-cultura\/opac-catalogo-biblioteca\/","title":{"rendered":"Biblioteca"},"content":{"rendered":"<p><a href=\"https:\/\/iic.infoteca.it\/sanpaolo\/search\/simple\">Para consultar o cat\u00e1logo on-line, clique aqui<\/a><\/p>\n<p>A biblioteca do IIC conta com um variado acervo de mais de 23 mil t\u00edtulos, entre livros, peri\u00f3dicos e material multim\u00eddia. Especializada na \u00e1rea de humanas, \u00e9 um centro de refer\u00eancia para pesquisas sobre a literatura italiana e a imigra\u00e7\u00e3o italiana no Brasil.<\/p>\n<p>Clique\u00a0<a href=\"https:\/\/iicsanpaolo.esteri.it\/pt\/lingua-e-cultura\/opac-catalogo-biblioteca\/i-nostri-servizi\/\"><strong>aqui<\/strong><\/a>\u00a0para conhecer nossos servi\u00e7os!<\/p>\n<p>&nbsp;<\/p>\n<p><em>O IIC destaca:<\/em><\/p>\n<p><strong><a href=\"https:\/\/dblit.ufsc.br\/\">Dicion\u00e1rio bibliogr\u00e1fico da literatura italiana traduzida no Brasil<\/a>\u00a0&#8211; <\/strong>O banco de dados reune quanto mais dados poss\u00edvel sobre as obras liter\u00e1rias traduzidas no Brasil. Toda obra registrada recebeu um detalhe bibliogr\u00e1fico, acompanhado das informa\u00e7\u00f5es sobre os autores.<\/p>\n","protected":false},"excerpt":{"rendered":"Para consultar o cat\u00e1logo on-line, clique aqui A biblioteca do IIC conta com um variado acervo de mais de 23 mil t\u00edtulos, entre livros, peri\u00f3dicos e material multim\u00eddia. Especializada na \u00e1rea de humanas, \u00e9 um centro de refer\u00eancia para pesquisas sobre a literatura italiana e a imigra\u00e7\u00e3o italiana no Brasil. Clique\u00a0aqui\u00a0para conhecer nossos servi\u00e7os! &nbsp; [&hellip;]","protected":false},"author":3,"featured_media":0,"parent":31,"menu_order":12,"comment_status":"closed","ping_status":"closed","template":"","meta":{"footnotes":""},"class_list":["post-82","page","type-page","status-publish","hentry"],"_links":{"self":[{"href":"https:\/\/iicsanpaolo.esteri.it\/pt\/wp-json\/wp\/v2\/pages\/82","targetHints":{"allow":["GET"]}}],"collection":[{"href":"https:\/\/iicsanpaolo.esteri.it\/pt\/wp-json\/wp\/v2\/pages"}],"about":[{"href":"https:\/\/iicsanpaolo.esteri.it\/pt\/wp-json\/wp\/v2\/types\/page"}],"author":[{"embeddable":true,"href":"https:\/\/iicsanpaolo.esteri.it\/pt\/wp-json\/wp\/v2\/users\/3"}],"replies":[{"embeddable":true,"href":"https:\/\/iicsanpaolo.esteri.it\/pt\/wp-json\/wp\/v2\/comments?post=82"}],"version-history":[{"count":6,"href":"https:\/\/iicsanpaolo.esteri.it\/pt\/wp-json\/wp\/v2\/pages\/82\/revisions"}],"predecessor-version":[{"id":7637,"href":"https:\/\/iicsanpaolo.esteri.it\/pt\/wp-json\/wp\/v2\/pages\/82\/revisions\/7637"}],"up":[{"embeddable":true,"href":"https:\/\/iicsanpaolo.esteri.it\/pt\/wp-json\/wp\/v2\/pages\/31"}],"wp:attachment":[{"href":"https:\/\/iicsanpaolo.esteri.it\/pt\/wp-json\/wp\/v2\/media?parent=82"}],"curies":[{"name":"wp","href":"https:\/\/api.w.org\/{rel}","templated":true}]}}