{"id":83,"date":"2022-12-06T18:04:14","date_gmt":"2022-12-06T21:04:14","guid":{"rendered":"https:\/\/iicsanpaolo.esteri.it\/lingua-e-cultura\/premi-alla-traduzione\/"},"modified":"2026-02-26T10:09:00","modified_gmt":"2026-02-26T13:09:00","slug":"premi-alla-traduzione","status":"publish","type":"page","link":"https:\/\/iicsanpaolo.esteri.it\/pt\/lingua-e-cultura\/premi-alla-traduzione\/","title":{"rendered":"Pr\u00eamios \u00e0 tradu\u00e7\u00e3o"},"content":{"rendered":"<p><strong>Pr\u00eamios MAECI<\/strong><\/p>\n<p>O MAECI promove a difus\u00e3o de obras editoriais e cinematogr\u00e1ficas italianas no exterior atrav\u00e9s da concess\u00e3o de incentivos \u00e0 tradu\u00e7\u00e3o e \u00e0 dublalgem\/legendagem, que representam um instrumento estrat\u00e9gico para a promo\u00e7\u00e3o da l\u00edngua e da cultura italiana no exterior.<\/p>\n<p>Para conhecer a iniciativa e todas as normas e regras relativas, est\u00e1 dispon\u00edvel o <strong>edital 2026<\/strong> em <a href=\"https:\/\/iicsanpaolo.esteri.it\/wp-content\/uploads\/2026\/02\/ITA_2026-Bando-Premi-e-Contributi.pdf\">italiano<\/a> e em <a href=\"https:\/\/iicsanpaolo.esteri.it\/wp-content\/uploads\/2026\/02\/ENG-2026-Bando-Premi-e-Contributi.pdf\">ingl\u00eas<\/a>. Pede-se aos interessados de efetuar o download do <strong>formul\u00e1rio de pedido <a href=\"https:\/\/iicsanpaolo.esteri.it\/wp-content\/uploads\/2026\/02\/ITA-modulo.docx\">em l\u00edngua italiana<\/a><\/strong> ou <strong><a href=\"https:\/\/iicsanpaolo.esteri.it\/wp-content\/uploads\/2026\/02\/ENG-Application-Form.docx\">inglesa<\/a><\/strong>.<\/p>\n<p>Os requerimentos devem ser encaminhados at\u00e9 dia <strong>31 de mar\u00e7o de 2026 <\/strong>para o e-mail <a href=\"mailto:iicsanpaolo@esteri.it\">iicsanpaolo@esteri.it<\/a>.<\/p>\n<p>Solitamos especificar no assunto do e-mail \u201cPremi e contributi alla traduzione 2026\u201d.<\/p>\n<p>&nbsp;<\/p>\n","protected":false},"excerpt":{"rendered":"Pr\u00eamios MAECI O MAECI promove a difus\u00e3o de obras editoriais e cinematogr\u00e1ficas italianas no exterior atrav\u00e9s da concess\u00e3o de incentivos \u00e0 tradu\u00e7\u00e3o e \u00e0 dublalgem\/legendagem, que representam um instrumento estrat\u00e9gico para a promo\u00e7\u00e3o da l\u00edngua e da cultura italiana no exterior. Para conhecer a iniciativa e todas as normas e regras relativas, est\u00e1 dispon\u00edvel o [&hellip;]","protected":false},"author":3,"featured_media":0,"parent":31,"menu_order":10,"comment_status":"closed","ping_status":"closed","template":"","meta":{"footnotes":""},"class_list":["post-83","page","type-page","status-publish","hentry"],"_links":{"self":[{"href":"https:\/\/iicsanpaolo.esteri.it\/pt\/wp-json\/wp\/v2\/pages\/83","targetHints":{"allow":["GET"]}}],"collection":[{"href":"https:\/\/iicsanpaolo.esteri.it\/pt\/wp-json\/wp\/v2\/pages"}],"about":[{"href":"https:\/\/iicsanpaolo.esteri.it\/pt\/wp-json\/wp\/v2\/types\/page"}],"author":[{"embeddable":true,"href":"https:\/\/iicsanpaolo.esteri.it\/pt\/wp-json\/wp\/v2\/users\/3"}],"replies":[{"embeddable":true,"href":"https:\/\/iicsanpaolo.esteri.it\/pt\/wp-json\/wp\/v2\/comments?post=83"}],"version-history":[{"count":7,"href":"https:\/\/iicsanpaolo.esteri.it\/pt\/wp-json\/wp\/v2\/pages\/83\/revisions"}],"predecessor-version":[{"id":10302,"href":"https:\/\/iicsanpaolo.esteri.it\/pt\/wp-json\/wp\/v2\/pages\/83\/revisions\/10302"}],"up":[{"embeddable":true,"href":"https:\/\/iicsanpaolo.esteri.it\/pt\/wp-json\/wp\/v2\/pages\/31"}],"wp:attachment":[{"href":"https:\/\/iicsanpaolo.esteri.it\/pt\/wp-json\/wp\/v2\/media?parent=83"}],"curies":[{"name":"wp","href":"https:\/\/api.w.org\/{rel}","templated":true}]}}